{"id":13050,"date":"2023-10-03T11:28:52","date_gmt":"2023-10-03T09:28:52","guid":{"rendered":"https:\/\/in-uit.boxstudio.fr\/?page_id=13050"},"modified":"2026-03-28T12:00:01","modified_gmt":"2026-03-28T11:00:01","slug":"qui-somme-nous","status":"publish","type":"page","link":"https:\/\/www.in-uit.fr\/index.php\/qui-somme-nous\/","title":{"rendered":"Qui sommes nous ?"},"content":{"rendered":"\t\t<div data-elementor-type=\"wp-page\" data-elementor-id=\"13050\" class=\"elementor elementor-13050\">\n\t\t\t\t<div class=\"elementor-element elementor-element-b64cec6 e-flex e-con-boxed e-con e-parent\" data-id=\"b64cec6\" data-element_type=\"container\">\n\t\t\t\t\t<div class=\"e-con-inner\">\n\t\t<div class=\"elementor-element elementor-element-f625c43 e-con-full e-flex e-con e-child\" data-id=\"f625c43\" data-element_type=\"container\">\n\t\t\t\t<div class=\"elementor-element elementor-element-8aff56b elementor-widget elementor-widget-heading\" data-id=\"8aff56b\" data-element_type=\"widget\" data-widget_type=\"heading.default\">\n\t\t\t\t<div class=\"elementor-widget-container\">\n\t\t\t<style>\/*! elementor - v3.21.0 - 22-05-2024 *\/\n.elementor-heading-title{padding:0;margin:0;line-height:1}.elementor-widget-heading .elementor-heading-title[class*=elementor-size-]>a{color:inherit;font-size:inherit;line-height:inherit}.elementor-widget-heading .elementor-heading-title.elementor-size-small{font-size:15px}.elementor-widget-heading .elementor-heading-title.elementor-size-medium{font-size:19px}.elementor-widget-heading .elementor-heading-title.elementor-size-large{font-size:29px}.elementor-widget-heading .elementor-heading-title.elementor-size-xl{font-size:39px}.elementor-widget-heading .elementor-heading-title.elementor-size-xxl{font-size:59px}<\/style><h1 class=\"elementor-heading-title elementor-size-default\">Qui sommes nous ?<\/h1>\t\t<\/div>\n\t\t\t\t<\/div>\n\t\t\t\t<div class=\"elementor-element elementor-element-bb12aa7 blocs-milieux elementor-widget elementor-widget-heading\" data-id=\"bb12aa7\" data-element_type=\"widget\" data-widget_type=\"heading.default\">\n\t\t\t\t<div class=\"elementor-widget-container\">\n\t\t\t<h2 class=\"elementor-heading-title elementor-size-default\">in\/Uit ou \u00ab le dedans \u00bb et \u00ab&nbsp;le&nbsp;dehors&nbsp;\u00bb,&nbsp;<div>le&nbsp;\u00ab&nbsp;\u00e0 \u00bb et le&nbsp;\u00ab&nbsp;\u00e0 partir de \u00bb,&nbsp;<\/div><div>le \u00ab en \u00bb et le \u00ab&nbsp;hors de \u00bb...<span style=\"font-size: 1.3rem; letter-spacing: 0px; background-color: rgb(255, 255, 255);\"><\/span><\/div><\/h2>\t\t<\/div>\n\t\t\t\t<\/div>\n\t\t\t\t<div class=\"elementor-element elementor-element-5357bb1 elementor-widget elementor-widget-image\" data-id=\"5357bb1\" data-element_type=\"widget\" data-widget_type=\"image.default\">\n\t\t\t\t<div class=\"elementor-widget-container\">\n\t\t\t<style>\/*! elementor - v3.21.0 - 22-05-2024 *\/\n.elementor-widget-image{text-align:center}.elementor-widget-image a{display:inline-block}.elementor-widget-image a img[src$=\".svg\"]{width:48px}.elementor-widget-image img{vertical-align:middle;display:inline-block}<\/style>\t\t\t\t\t\t\t\t\t\t<img fetchpriority=\"high\" decoding=\"async\" width=\"650\" height=\"650\" src=\"https:\/\/www.in-uit.fr\/wp-content\/uploads\/2024\/02\/28-ok-650x650.jpg\" class=\"attachment-qi_addons_for_elementor_image_size_square size-qi_addons_for_elementor_image_size_square wp-image-16881\" alt=\"\" srcset=\"https:\/\/www.in-uit.fr\/wp-content\/uploads\/2024\/02\/28-ok-650x650.jpg 650w, https:\/\/www.in-uit.fr\/wp-content\/uploads\/2024\/02\/28-ok-150x150.jpg 150w\" sizes=\"(max-width: 650px) 100vw, 650px\" \/>\t\t\t\t\t\t\t\t\t\t\t\t\t<\/div>\n\t\t\t\t<\/div>\n\t\t\t\t<\/div>\n\t\t<div class=\"elementor-element elementor-element-753d470 e-con-full e-flex e-con e-child\" data-id=\"753d470\" data-element_type=\"container\">\n\t\t\t\t<div class=\"elementor-element elementor-element-41a537d elementor-widget elementor-widget-text-editor\" data-id=\"41a537d\" data-element_type=\"widget\" data-widget_type=\"text-editor.default\">\n\t\t\t\t<div class=\"elementor-widget-container\">\n\t\t\t<style>\/*! elementor - v3.21.0 - 22-05-2024 *\/\n.elementor-widget-text-editor.elementor-drop-cap-view-stacked .elementor-drop-cap{background-color:#69727d;color:#fff}.elementor-widget-text-editor.elementor-drop-cap-view-framed .elementor-drop-cap{color:#69727d;border:3px solid;background-color:transparent}.elementor-widget-text-editor:not(.elementor-drop-cap-view-default) .elementor-drop-cap{margin-top:8px}.elementor-widget-text-editor:not(.elementor-drop-cap-view-default) .elementor-drop-cap-letter{width:1em;height:1em}.elementor-widget-text-editor .elementor-drop-cap{float:left;text-align:center;line-height:1;font-size:50px}.elementor-widget-text-editor .elementor-drop-cap-letter{display:inline-block}<\/style>\t\t\t\t<p>in\/Uit est n\u00e9e de deux parcours entre France et Belgique.<\/p><p>Chaque demande est abord\u00e9e comme une nouvelle histoire, de mani\u00e8re intuitive et sensible et nous souhaitons apporter des r\u00e9ponses \u00e0 la fois modestes et ambitieuses aux ma\u00eetres d\u2019ouvrages qui, par d\u00e9sir ou hasard, nous rencontrent pour parler d\u2019architecture et nous offrent leur confiance. \u2028\u2028In\/Uit se veut outil de d\u00e9multiplication des possibles relations \u00e0 l\u2019espace, au paysage, au temps&#8230;<\/p><p>Nous avons vocation d\u2019intervenir et d\u2019interagir dans des domaines et contextes vari\u00e9s : architecture, urbanisme, sc\u00e9nographie ou encore architecture d&rsquo;int\u00e9rieurs et agencement. Chaque projet est le fruit de nouvelles tentatives et exp\u00e9rimentations spatiales, pr\u00e9sente une large diversit\u00e9 d\u2019usage et explore des champs mat\u00e9riologiques vari\u00e9s : un travail attentif de recherche est r\u00e9alis\u00e9 quant au choix des mat\u00e9riaux mis en \u0153uvre pour leurs qualit\u00e9s intrins\u00e8ques (durabilit\u00e9, p\u00e9rennit\u00e9, qualit\u00e9 environnementale, etc.) et leurs capacit\u00e9s \u00e0 dialoguer avec un site et un programme (au travers d&rsquo;un rapport \u00e0 la lumi\u00e8re, sensible et tactile, d&rsquo;un imaginaire appropriable, d&rsquo;une \u00e9conomie, etc.).<\/p><p>Elfi Roinsard, architecte DPLG, form\u00e9e \u00e0 l&rsquo;\u00e9cole nationale sup\u00e9rieure d&rsquo;architecture de Nantes et la facult\u00e9 de Florence en Italie poursuit aujourd&rsquo;hui cette d\u00e9marche en lien avec la singularit\u00e9 de chaque projet.<\/p>\t\t\t\t\t\t<\/div>\n\t\t\t\t<\/div>\n\t\t\t\t<\/div>\n\t\t\t\t\t<\/div>\n\t\t\t\t<\/div>\n\t\t<div class=\"elementor-element elementor-element-f79cc4d e-flex e-con-boxed e-con e-parent\" data-id=\"f79cc4d\" data-element_type=\"container\">\n\t\t\t\t\t<div class=\"e-con-inner\">\n\t\t<div class=\"elementor-element elementor-element-ff0a55b e-con-full e-flex e-con e-child\" data-id=\"ff0a55b\" data-element_type=\"container\">\n\t\t\t\t<div class=\"elementor-element elementor-element-a298dbc elementor-widget elementor-widget-text-editor\" data-id=\"a298dbc\" data-element_type=\"widget\" data-widget_type=\"text-editor.default\">\n\t\t\t\t<div class=\"elementor-widget-container\">\n\t\t\t\t\t\t\t<h2 style=\"padding-bottom: 10px;\">in <span style=\"color: #33ff99;\">\/<\/span><\/h2><h3>L&rsquo;\u00e9quipe :<\/h3>\t\t\t\t\t\t<\/div>\n\t\t\t\t<\/div>\n\t\t\t\t<div class=\"elementor-element elementor-element-efcc480 elementor-icon-list--layout-traditional elementor-list-item-link-full_width elementor-widget elementor-widget-icon-list\" data-id=\"efcc480\" data-element_type=\"widget\" data-widget_type=\"icon-list.default\">\n\t\t\t\t<div class=\"elementor-widget-container\">\n\t\t\t<link rel=\"stylesheet\" href=\"https:\/\/www.in-uit.fr\/wp-content\/plugins\/elementor\/assets\/css\/widget-icon-list.min.css\">\t\t<ul class=\"elementor-icon-list-items\">\n\t\t\t\t\t\t\t<li class=\"elementor-icon-list-item\">\n\t\t\t\t\t\t\t\t\t\t\t<a href=\"\/index.php\/cv-elfi\/\" target=\"_blank\">\n\n\t\t\t\t\t\t\t\t\t\t\t\t<span class=\"elementor-icon-list-icon\">\n\t\t\t\t\t\t\t<i aria-hidden=\"true\" class=\"fas fa-long-arrow-alt-right\"><\/i>\t\t\t\t\t\t<\/span>\n\t\t\t\t\t\t\t\t\t\t<span class=\"elementor-icon-list-text\">Elfi Roinsard <br\/><span>Architecte DPLG<\/span><\/span>\n\t\t\t\t\t\t\t\t\t\t\t<\/a>\n\t\t\t\t\t\t\t\t\t<\/li>\n\t\t\t\t\t\t<\/ul>\n\t\t\t\t<\/div>\n\t\t\t\t<\/div>\n\t\t\t\t<div class=\"elementor-element elementor-element-619d783 elementor-widget elementor-widget-text-editor\" data-id=\"619d783\" data-element_type=\"widget\" data-widget_type=\"text-editor.default\">\n\t\t\t\t<div class=\"elementor-widget-container\">\n\t\t\t\t\t\t\t<h3>Membre de :<\/h3>\t\t\t\t\t\t<\/div>\n\t\t\t\t<\/div>\n\t\t\t\t<div class=\"elementor-element elementor-element-7714b27 elementor-icon-list--layout-traditional elementor-list-item-link-full_width elementor-widget elementor-widget-icon-list\" data-id=\"7714b27\" data-element_type=\"widget\" data-widget_type=\"icon-list.default\">\n\t\t\t\t<div class=\"elementor-widget-container\">\n\t\t\t\t\t<ul class=\"elementor-icon-list-items\">\n\t\t\t\t\t\t\t<li class=\"elementor-icon-list-item\">\n\t\t\t\t\t\t\t\t\t\t\t<a href=\"https:\/\/www.fibois-paysdelaloire.fr\" target=\"_blank\">\n\n\t\t\t\t\t\t\t\t\t\t\t\t<span class=\"elementor-icon-list-icon\">\n\t\t\t\t\t\t\t<i aria-hidden=\"true\" class=\"fas fa-long-arrow-alt-right\"><\/i>\t\t\t\t\t\t<\/span>\n\t\t\t\t\t\t\t\t\t\t<span class=\"elementor-icon-list-text\">Fibois<\/span>\n\t\t\t\t\t\t\t\t\t\t\t<\/a>\n\t\t\t\t\t\t\t\t\t<\/li>\n\t\t\t\t\t\t\t\t<li class=\"elementor-icon-list-item\">\n\t\t\t\t\t\t\t\t\t\t\t<a href=\"https:\/\/fr-fr.facebook.com\/Batiraveclarchitecte\/\" target=\"_blank\">\n\n\t\t\t\t\t\t\t\t\t\t\t\t<span class=\"elementor-icon-list-icon\">\n\t\t\t\t\t\t\t<i aria-hidden=\"true\" class=\"fas fa-long-arrow-alt-right\"><\/i>\t\t\t\t\t\t<\/span>\n\t\t\t\t\t\t\t\t\t\t<span class=\"elementor-icon-list-text\">B\u00e2tir avec l'architecte<\/span>\n\t\t\t\t\t\t\t\t\t\t\t<\/a>\n\t\t\t\t\t\t\t\t\t<\/li>\n\t\t\t\t\t\t\t\t<li class=\"elementor-icon-list-item\">\n\t\t\t\t\t\t\t\t\t\t\t<a href=\"https:\/\/www.ma-paysdelaloire.com\" target=\"_blank\">\n\n\t\t\t\t\t\t\t\t\t\t\t\t<span class=\"elementor-icon-list-icon\">\n\t\t\t\t\t\t\t<i aria-hidden=\"true\" class=\"fas fa-long-arrow-alt-right\"><\/i>\t\t\t\t\t\t<\/span>\n\t\t\t\t\t\t\t\t\t\t<span class=\"elementor-icon-list-text\">La Maison r\u00e9gionale de l'architecture des Pays de la Loire<\/span>\n\t\t\t\t\t\t\t\t\t\t\t<\/a>\n\t\t\t\t\t\t\t\t\t<\/li>\n\t\t\t\t\t\t\t\t<li class=\"elementor-icon-list-item\">\n\t\t\t\t\t\t\t\t\t\t\t<a href=\"https:\/\/www.novabuild.fr\/\" target=\"_blank\">\n\n\t\t\t\t\t\t\t\t\t\t\t\t<span class=\"elementor-icon-list-icon\">\n\t\t\t\t\t\t\t<i aria-hidden=\"true\" class=\"fas fa-long-arrow-alt-right\"><\/i>\t\t\t\t\t\t<\/span>\n\t\t\t\t\t\t\t\t\t\t<span class=\"elementor-icon-list-text\">Novabuild<\/span>\n\t\t\t\t\t\t\t\t\t\t\t<\/a>\n\t\t\t\t\t\t\t\t\t<\/li>\n\t\t\t\t\t\t<\/ul>\n\t\t\t\t<\/div>\n\t\t\t\t<\/div>\n\t\t\t\t<\/div>\n\t\t<div class=\"elementor-element elementor-element-65e9bbc e-con-full e-flex e-con e-child\" data-id=\"65e9bbc\" data-element_type=\"container\">\n\t\t\t\t<div class=\"elementor-element elementor-element-7f68d58 elementor-widget elementor-widget-text-editor\" data-id=\"7f68d58\" data-element_type=\"widget\" data-widget_type=\"text-editor.default\">\n\t\t\t\t<div class=\"elementor-widget-container\">\n\t\t\t\t\t\t\t<h2 style=\"padding-bottom: 10px;\"><span style=\"color: #33ff99;\">\/<\/span> Uit<\/h2>\n<h3>Ont particip\u00e9 :<\/h3>\t\t\t\t\t\t<\/div>\n\t\t\t\t<\/div>\n\t\t\t\t<div class=\"elementor-element elementor-element-4df4939 elementor-widget elementor-widget-text-editor\" data-id=\"4df4939\" data-element_type=\"widget\" data-widget_type=\"text-editor.default\">\n\t\t\t\t<div class=\"elementor-widget-container\">\n\t\t\t\t\t\t\t<p>Nad\u00e8ge Albrecht, architecte ISA, co-fondatrice et co-g\u00e9rante d&rsquo;in\/Uit de 2013 \u00e0 2025<\/p><p>Eya Ali \/ Rapha\u00ebl Baizeau \/Bastien Bourgeais \/ L\u00e9a Becker \/<br \/>Jeanne Blandin \/ Mathilde Chevalier \/ Camille Danibert \/Th\u00e9o Douillard \/ Flavie Duranteau \/ Lauryane Floch Le Goff \/ Miguel Gonzalez Conde \/Leslie Gu\u00e9rard \/Axelle Leli\u00e8vre \/Ana\u00eblle Maheo \/ Victoire Marchal \/H\u00e9lo\u00efse Merlet \/Marie-Sara Obrecht \/ Gabrielle Papin \/L\u00e9a Perraudeau \/Emmanuel Pubert \/ Lauriane Roche \/ Elo\u00efse Rineau \/ \u00c9tienne Rouvreau \/Rapha\u00ebl Soulier \/<\/p>\t\t\t\t\t\t<\/div>\n\t\t\t\t<\/div>\n\t\t\t\t<\/div>\n\t\t\t\t\t<\/div>\n\t\t\t\t<\/div>\n\t\t\t\t<\/div>\n\t\t","protected":false},"excerpt":{"rendered":"<p>Qui sommes nous ? in\/Uit ou \u00ab le dedans \u00bb et \u00ab&nbsp;le&nbsp;dehors&nbsp;\u00bb,&nbsp;le&nbsp;\u00ab&nbsp;\u00e0 \u00bb et le&nbsp;\u00ab&nbsp;\u00e0 partir de \u00bb,&nbsp;le \u00ab en \u00bb et le \u00ab&nbsp;hors de \u00bb&#8230; in\/Uit est n\u00e9e de deux parcours entre France et Belgique. Chaque demande est abord\u00e9e comme une nouvelle histoire, de mani\u00e8re intuitive et sensible et nous souhaitons apporter des r\u00e9ponses [&hellip;]<\/p>\n","protected":false},"author":1,"featured_media":0,"parent":0,"menu_order":0,"comment_status":"closed","ping_status":"closed","template":"","meta":{"footnotes":""},"yoast_head":"<!-- This site is optimized with the Yoast SEO plugin v22.7 - https:\/\/yoast.com\/wordpress\/plugins\/seo\/ -->\n<title>Qui sommes nous ? - in\/uit | Agence d&#039;architecture &amp; d&#039;urbanisme - Nantes<\/title>\n<meta name=\"robots\" content=\"index, follow, max-snippet:-1, max-image-preview:large, max-video-preview:-1\" \/>\n<link rel=\"canonical\" href=\"https:\/\/www.in-uit.fr\/index.php\/qui-somme-nous\/\" \/>\n<meta property=\"og:locale\" content=\"fr_FR\" \/>\n<meta property=\"og:type\" content=\"article\" \/>\n<meta property=\"og:title\" content=\"Qui sommes nous ? - in\/uit | Agence d&#039;architecture &amp; d&#039;urbanisme - Nantes\" \/>\n<meta property=\"og:description\" content=\"Qui sommes nous ? in\/Uit ou \u00ab le dedans \u00bb et \u00ab&nbsp;le&nbsp;dehors&nbsp;\u00bb,&nbsp;le&nbsp;\u00ab&nbsp;\u00e0 \u00bb et le&nbsp;\u00ab&nbsp;\u00e0 partir de \u00bb,&nbsp;le \u00ab en \u00bb et le \u00ab&nbsp;hors de \u00bb&#8230; in\/Uit est n\u00e9e de deux parcours entre France et Belgique. Chaque demande est abord\u00e9e comme une nouvelle histoire, de mani\u00e8re intuitive et sensible et nous souhaitons apporter des r\u00e9ponses [&hellip;]\" \/>\n<meta property=\"og:url\" content=\"https:\/\/www.in-uit.fr\/index.php\/qui-somme-nous\/\" \/>\n<meta property=\"og:site_name\" content=\"in\/uit | Agence d&#039;architecture &amp; d&#039;urbanisme - Nantes\" \/>\n<meta property=\"article:modified_time\" content=\"2026-03-28T11:00:01+00:00\" \/>\n<meta property=\"og:image\" content=\"https:\/\/www.in-uit.fr\/wp-content\/uploads\/2024\/02\/28-ok-650x650.jpg\" \/>\n<meta name=\"twitter:card\" content=\"summary_large_image\" \/>\n<meta name=\"twitter:label1\" content=\"Dur\u00e9e de lecture estim\u00e9e\" \/>\n\t<meta name=\"twitter:data1\" content=\"2 minutes\" \/>\n<script type=\"application\/ld+json\" class=\"yoast-schema-graph\">{\"@context\":\"https:\/\/schema.org\",\"@graph\":[{\"@type\":\"WebPage\",\"@id\":\"https:\/\/www.in-uit.fr\/index.php\/qui-somme-nous\/\",\"url\":\"https:\/\/www.in-uit.fr\/index.php\/qui-somme-nous\/\",\"name\":\"Qui sommes nous ? - in\/uit | Agence d&#039;architecture &amp; d&#039;urbanisme - Nantes\",\"isPartOf\":{\"@id\":\"https:\/\/www.in-uit.fr\/#website\"},\"primaryImageOfPage\":{\"@id\":\"https:\/\/www.in-uit.fr\/index.php\/qui-somme-nous\/#primaryimage\"},\"image\":{\"@id\":\"https:\/\/www.in-uit.fr\/index.php\/qui-somme-nous\/#primaryimage\"},\"thumbnailUrl\":\"https:\/\/www.in-uit.fr\/wp-content\/uploads\/2024\/02\/28-ok-650x650.jpg\",\"datePublished\":\"2023-10-03T09:28:52+00:00\",\"dateModified\":\"2026-03-28T11:00:01+00:00\",\"breadcrumb\":{\"@id\":\"https:\/\/www.in-uit.fr\/index.php\/qui-somme-nous\/#breadcrumb\"},\"inLanguage\":\"fr-FR\",\"potentialAction\":[{\"@type\":\"ReadAction\",\"target\":[\"https:\/\/www.in-uit.fr\/index.php\/qui-somme-nous\/\"]}]},{\"@type\":\"ImageObject\",\"inLanguage\":\"fr-FR\",\"@id\":\"https:\/\/www.in-uit.fr\/index.php\/qui-somme-nous\/#primaryimage\",\"url\":\"https:\/\/www.in-uit.fr\/wp-content\/uploads\/2024\/02\/28-ok.jpg\",\"contentUrl\":\"https:\/\/www.in-uit.fr\/wp-content\/uploads\/2024\/02\/28-ok.jpg\",\"width\":1920,\"height\":958},{\"@type\":\"BreadcrumbList\",\"@id\":\"https:\/\/www.in-uit.fr\/index.php\/qui-somme-nous\/#breadcrumb\",\"itemListElement\":[{\"@type\":\"ListItem\",\"position\":1,\"name\":\"Accueil\",\"item\":\"https:\/\/www.in-uit.fr\/\"},{\"@type\":\"ListItem\",\"position\":2,\"name\":\"Qui sommes nous ?\"}]},{\"@type\":\"WebSite\",\"@id\":\"https:\/\/www.in-uit.fr\/#website\",\"url\":\"https:\/\/www.in-uit.fr\/\",\"name\":\"in\/uit | Agence d&#039;architecture &amp; d&#039;urbanisme - Nantes\",\"description\":\"\",\"publisher\":{\"@id\":\"https:\/\/www.in-uit.fr\/#organization\"},\"potentialAction\":[{\"@type\":\"SearchAction\",\"target\":{\"@type\":\"EntryPoint\",\"urlTemplate\":\"https:\/\/www.in-uit.fr\/?s={search_term_string}\"},\"query-input\":\"required name=search_term_string\"}],\"inLanguage\":\"fr-FR\"},{\"@type\":\"Organization\",\"@id\":\"https:\/\/www.in-uit.fr\/#organization\",\"name\":\"in\/uit | Agence d&#039;architecture &amp; d&#039;urbanisme - Nantes\",\"url\":\"https:\/\/www.in-uit.fr\/\",\"logo\":{\"@type\":\"ImageObject\",\"inLanguage\":\"fr-FR\",\"@id\":\"https:\/\/www.in-uit.fr\/#\/schema\/logo\/image\/\",\"url\":\"https:\/\/www.in-uit.fr\/wp-content\/uploads\/2024\/01\/logoinuit-architectes-gris-75px.png\",\"contentUrl\":\"https:\/\/www.in-uit.fr\/wp-content\/uploads\/2024\/01\/logoinuit-architectes-gris-75px.png\",\"width\":150,\"height\":75,\"caption\":\"in\/uit | Agence d&#039;architecture &amp; d&#039;urbanisme - Nantes\"},\"image\":{\"@id\":\"https:\/\/www.in-uit.fr\/#\/schema\/logo\/image\/\"}}]}<\/script>\n<!-- \/ Yoast SEO plugin. -->","yoast_head_json":{"title":"Qui sommes nous ? - in\/uit | Agence d&#039;architecture &amp; d&#039;urbanisme - Nantes","robots":{"index":"index","follow":"follow","max-snippet":"max-snippet:-1","max-image-preview":"max-image-preview:large","max-video-preview":"max-video-preview:-1"},"canonical":"https:\/\/www.in-uit.fr\/index.php\/qui-somme-nous\/","og_locale":"fr_FR","og_type":"article","og_title":"Qui sommes nous ? - in\/uit | Agence d&#039;architecture &amp; d&#039;urbanisme - Nantes","og_description":"Qui sommes nous ? in\/Uit ou \u00ab le dedans \u00bb et \u00ab&nbsp;le&nbsp;dehors&nbsp;\u00bb,&nbsp;le&nbsp;\u00ab&nbsp;\u00e0 \u00bb et le&nbsp;\u00ab&nbsp;\u00e0 partir de \u00bb,&nbsp;le \u00ab en \u00bb et le \u00ab&nbsp;hors de \u00bb&#8230; in\/Uit est n\u00e9e de deux parcours entre France et Belgique. Chaque demande est abord\u00e9e comme une nouvelle histoire, de mani\u00e8re intuitive et sensible et nous souhaitons apporter des r\u00e9ponses [&hellip;]","og_url":"https:\/\/www.in-uit.fr\/index.php\/qui-somme-nous\/","og_site_name":"in\/uit | Agence d&#039;architecture &amp; d&#039;urbanisme - Nantes","article_modified_time":"2026-03-28T11:00:01+00:00","og_image":[{"url":"https:\/\/www.in-uit.fr\/wp-content\/uploads\/2024\/02\/28-ok-650x650.jpg"}],"twitter_card":"summary_large_image","twitter_misc":{"Dur\u00e9e de lecture estim\u00e9e":"2 minutes"},"schema":{"@context":"https:\/\/schema.org","@graph":[{"@type":"WebPage","@id":"https:\/\/www.in-uit.fr\/index.php\/qui-somme-nous\/","url":"https:\/\/www.in-uit.fr\/index.php\/qui-somme-nous\/","name":"Qui sommes nous ? - in\/uit | Agence d&#039;architecture &amp; d&#039;urbanisme - Nantes","isPartOf":{"@id":"https:\/\/www.in-uit.fr\/#website"},"primaryImageOfPage":{"@id":"https:\/\/www.in-uit.fr\/index.php\/qui-somme-nous\/#primaryimage"},"image":{"@id":"https:\/\/www.in-uit.fr\/index.php\/qui-somme-nous\/#primaryimage"},"thumbnailUrl":"https:\/\/www.in-uit.fr\/wp-content\/uploads\/2024\/02\/28-ok-650x650.jpg","datePublished":"2023-10-03T09:28:52+00:00","dateModified":"2026-03-28T11:00:01+00:00","breadcrumb":{"@id":"https:\/\/www.in-uit.fr\/index.php\/qui-somme-nous\/#breadcrumb"},"inLanguage":"fr-FR","potentialAction":[{"@type":"ReadAction","target":["https:\/\/www.in-uit.fr\/index.php\/qui-somme-nous\/"]}]},{"@type":"ImageObject","inLanguage":"fr-FR","@id":"https:\/\/www.in-uit.fr\/index.php\/qui-somme-nous\/#primaryimage","url":"https:\/\/www.in-uit.fr\/wp-content\/uploads\/2024\/02\/28-ok.jpg","contentUrl":"https:\/\/www.in-uit.fr\/wp-content\/uploads\/2024\/02\/28-ok.jpg","width":1920,"height":958},{"@type":"BreadcrumbList","@id":"https:\/\/www.in-uit.fr\/index.php\/qui-somme-nous\/#breadcrumb","itemListElement":[{"@type":"ListItem","position":1,"name":"Accueil","item":"https:\/\/www.in-uit.fr\/"},{"@type":"ListItem","position":2,"name":"Qui sommes nous ?"}]},{"@type":"WebSite","@id":"https:\/\/www.in-uit.fr\/#website","url":"https:\/\/www.in-uit.fr\/","name":"in\/uit | Agence d&#039;architecture &amp; d&#039;urbanisme - Nantes","description":"","publisher":{"@id":"https:\/\/www.in-uit.fr\/#organization"},"potentialAction":[{"@type":"SearchAction","target":{"@type":"EntryPoint","urlTemplate":"https:\/\/www.in-uit.fr\/?s={search_term_string}"},"query-input":"required name=search_term_string"}],"inLanguage":"fr-FR"},{"@type":"Organization","@id":"https:\/\/www.in-uit.fr\/#organization","name":"in\/uit | Agence d&#039;architecture &amp; d&#039;urbanisme - Nantes","url":"https:\/\/www.in-uit.fr\/","logo":{"@type":"ImageObject","inLanguage":"fr-FR","@id":"https:\/\/www.in-uit.fr\/#\/schema\/logo\/image\/","url":"https:\/\/www.in-uit.fr\/wp-content\/uploads\/2024\/01\/logoinuit-architectes-gris-75px.png","contentUrl":"https:\/\/www.in-uit.fr\/wp-content\/uploads\/2024\/01\/logoinuit-architectes-gris-75px.png","width":150,"height":75,"caption":"in\/uit | Agence d&#039;architecture &amp; d&#039;urbanisme - Nantes"},"image":{"@id":"https:\/\/www.in-uit.fr\/#\/schema\/logo\/image\/"}}]}},"_links":{"self":[{"href":"https:\/\/www.in-uit.fr\/index.php\/wp-json\/wp\/v2\/pages\/13050"}],"collection":[{"href":"https:\/\/www.in-uit.fr\/index.php\/wp-json\/wp\/v2\/pages"}],"about":[{"href":"https:\/\/www.in-uit.fr\/index.php\/wp-json\/wp\/v2\/types\/page"}],"author":[{"embeddable":true,"href":"https:\/\/www.in-uit.fr\/index.php\/wp-json\/wp\/v2\/users\/1"}],"replies":[{"embeddable":true,"href":"https:\/\/www.in-uit.fr\/index.php\/wp-json\/wp\/v2\/comments?post=13050"}],"version-history":[{"count":357,"href":"https:\/\/www.in-uit.fr\/index.php\/wp-json\/wp\/v2\/pages\/13050\/revisions"}],"predecessor-version":[{"id":18965,"href":"https:\/\/www.in-uit.fr\/index.php\/wp-json\/wp\/v2\/pages\/13050\/revisions\/18965"}],"wp:attachment":[{"href":"https:\/\/www.in-uit.fr\/index.php\/wp-json\/wp\/v2\/media?parent=13050"}],"curies":[{"name":"wp","href":"https:\/\/api.w.org\/{rel}","templated":true}]}}