{"id":15463,"date":"2023-11-25T10:40:48","date_gmt":"2023-11-25T09:40:48","guid":{"rendered":"https:\/\/in-uit.boxstudio.fr\/?page_id=15463"},"modified":"2023-11-25T11:21:30","modified_gmt":"2023-11-25T10:21:30","slug":"mentions-legales","status":"publish","type":"page","link":"https:\/\/www.in-uit.fr\/index.php\/mentions-legales\/","title":{"rendered":"Mentions l\u00e9gales"},"content":{"rendered":"\t\t<div data-elementor-type=\"wp-page\" data-elementor-id=\"15463\" class=\"elementor elementor-15463\">\n\t\t\t\t<div class=\"elementor-element elementor-element-961f52e e-con-full e-flex e-con e-parent\" data-id=\"961f52e\" data-element_type=\"container\">\n\t\t<div class=\"elementor-element elementor-element-0a7568b e-con-full e-flex e-con e-child\" data-id=\"0a7568b\" data-element_type=\"container\">\n\t\t\t\t<div class=\"elementor-element elementor-element-376b6d9 elementor-widget elementor-widget-heading\" data-id=\"376b6d9\" data-element_type=\"widget\" data-widget_type=\"heading.default\">\n\t\t\t\t<div class=\"elementor-widget-container\">\n\t\t\t<style>\/*! elementor - v3.21.0 - 22-05-2024 *\/\n.elementor-heading-title{padding:0;margin:0;line-height:1}.elementor-widget-heading .elementor-heading-title[class*=elementor-size-]>a{color:inherit;font-size:inherit;line-height:inherit}.elementor-widget-heading .elementor-heading-title.elementor-size-small{font-size:15px}.elementor-widget-heading .elementor-heading-title.elementor-size-medium{font-size:19px}.elementor-widget-heading .elementor-heading-title.elementor-size-large{font-size:29px}.elementor-widget-heading .elementor-heading-title.elementor-size-xl{font-size:39px}.elementor-widget-heading .elementor-heading-title.elementor-size-xxl{font-size:59px}<\/style><h2 class=\"elementor-heading-title elementor-size-default\">Editeur du site \/&nbsp;<div>Responsable \u00e9ditorial <\/div><\/h2>\t\t<\/div>\n\t\t\t\t<\/div>\n\t\t\t\t<div class=\"elementor-element elementor-element-901c3b5 elementor-widget elementor-widget-text-editor\" data-id=\"901c3b5\" data-element_type=\"widget\" data-widget_type=\"text-editor.default\">\n\t\t\t\t<div class=\"elementor-widget-container\">\n\t\t\t<style>\/*! elementor - v3.21.0 - 22-05-2024 *\/\n.elementor-widget-text-editor.elementor-drop-cap-view-stacked .elementor-drop-cap{background-color:#69727d;color:#fff}.elementor-widget-text-editor.elementor-drop-cap-view-framed .elementor-drop-cap{color:#69727d;border:3px solid;background-color:transparent}.elementor-widget-text-editor:not(.elementor-drop-cap-view-default) .elementor-drop-cap{margin-top:8px}.elementor-widget-text-editor:not(.elementor-drop-cap-view-default) .elementor-drop-cap-letter{width:1em;height:1em}.elementor-widget-text-editor .elementor-drop-cap{float:left;text-align:center;line-height:1;font-size:50px}.elementor-widget-text-editor .elementor-drop-cap-letter{display:inline-block}<\/style>\t\t\t\t<p><strong>in\/Uit Architectes<\/strong>, <br \/>Elfi Roinsard, <br \/>Nad\u00e8ge Albrecht<\/p><p>3 Cour de la Brocante &#8211; 44100 Nantes<\/p><p>T\u00e9l. : 09 81 82 08 58<\/p><p>www.in-uit.fr<\/p><p>E-mail : contact@in-uit.fr<\/p>\t\t\t\t\t\t<\/div>\n\t\t\t\t<\/div>\n\t\t\t\t<div class=\"elementor-element elementor-element-c61fd1b elementor-widget elementor-widget-heading\" data-id=\"c61fd1b\" data-element_type=\"widget\" data-widget_type=\"heading.default\">\n\t\t\t\t<div class=\"elementor-widget-container\">\n\t\t\t<h2 class=\"elementor-heading-title elementor-size-default\">D\u00e9veloppement \/&nbsp;<div>h\u00e9bergement du site<\/div><\/h2>\t\t<\/div>\n\t\t\t\t<\/div>\n\t\t\t\t<div class=\"elementor-element elementor-element-dcac717 elementor-widget elementor-widget-text-editor\" data-id=\"dcac717\" data-element_type=\"widget\" data-widget_type=\"text-editor.default\">\n\t\t\t\t<div class=\"elementor-widget-container\">\n\t\t\t\t\t\t\t<p><strong>D\u00e9veloppement et cr\u00e9ation web :<\/strong><\/p><p>Wizicom<br \/>T\u00e9l. : 06 60 71 41 13<br \/>E-mail : contact@wizicom.fr<\/p><p><strong>H\u00e9bergement :<\/strong><\/p><p>Wizicom via Planethoster<\/p>\t\t\t\t\t\t<\/div>\n\t\t\t\t<\/div>\n\t\t\t\t<\/div>\n\t\t<div class=\"elementor-element elementor-element-f8c207c e-con-full e-flex e-con e-child\" data-id=\"f8c207c\" data-element_type=\"container\">\n\t\t\t\t<div class=\"elementor-element elementor-element-b2c2ebb elementor-widget elementor-widget-heading\" data-id=\"b2c2ebb\" data-element_type=\"widget\" data-widget_type=\"heading.default\">\n\t\t\t\t<div class=\"elementor-widget-container\">\n\t\t\t<h2 class=\"elementor-heading-title elementor-size-default\"><span class=\"elementor-heading-title elementor-size-default elementor-inline-editing pen\" data-elementor-setting-key=\"title\" data-pen-placeholder=\"\u00c9crivez ici...\" style=\"outline-color: currentcolor; outline-style: none; color: rgb(33, 37, 41); font-size: 2rem; overflow-wrap: break-word;\">Propri\u00e9t\u00e9 intellectuelle<\/span><\/h2>\t\t<\/div>\n\t\t\t\t<\/div>\n\t\t\t\t<div class=\"elementor-element elementor-element-94a9e7d elementor-widget elementor-widget-text-editor\" data-id=\"94a9e7d\" data-element_type=\"widget\" data-widget_type=\"text-editor.default\">\n\t\t\t\t<div class=\"elementor-widget-container\">\n\t\t\t\t\t\t\t<p>Tout le contenu tels que textes, photos, dessins, vid\u00e9os, logos, images, pr\u00e9sent sur le site est, sauf mention contraire, la propri\u00e9t\u00e9 de in\/Uit Architectes.<\/p>\t\t\t\t\t\t<\/div>\n\t\t\t\t<\/div>\n\t\t\t\t<div class=\"elementor-element elementor-element-6610a85 elementor-widget elementor-widget-heading\" data-id=\"6610a85\" data-element_type=\"widget\" data-widget_type=\"heading.default\">\n\t\t\t\t<div class=\"elementor-widget-container\">\n\t\t\t<h2 class=\"elementor-heading-title elementor-size-default\">Responsabilit\u00e9s<\/h2>\t\t<\/div>\n\t\t\t\t<\/div>\n\t\t\t\t<div class=\"elementor-element elementor-element-d831354 elementor-widget elementor-widget-text-editor\" data-id=\"d831354\" data-element_type=\"widget\" data-widget_type=\"text-editor.default\">\n\t\t\t\t<div class=\"elementor-widget-container\">\n\t\t\t\t\t\t\t<p>Les informations fournies par le site in\/Uit Architectes le sont \u00e0 titre indicatif et leur exactitude ne saurait \u00eatre garantie. Vous \u00eates le seul et unique responsable de l\u2019usage fait, hors site ou hors collaboration avec in\/Uit architectes, des informations et contenus diffus\u00e9s sur in\/Uit Architectes.<\/p><p>Le site in\/Uit Architectes ne pourra \u00eatre tenu responsable d\u2019un usage non conforme aux normes et lois en vigueur, du site internet ou de ses contenus. Ce site peut comporter des informations et du contenu fournis par des soci\u00e9t\u00e9s externes ou des liens hypertextes vers d\u2019autres sites qui ne sont pas g\u00e9r\u00e9s par in\/Uit Architectes. Un lien depuis in\/Uit Architectes vers un autre site ne constitue pas une validation de ce site ou de son contenu. Tout contenu publi\u00e9 demeure sous l\u2019enti\u00e8re responsabilit\u00e9 de son auteur.<\/p>\t\t\t\t\t\t<\/div>\n\t\t\t\t<\/div>\n\t\t\t\t<\/div>\n\t\t\t\t<\/div>\n\t\t\t\t<\/div>\n\t\t","protected":false},"excerpt":{"rendered":"<p>Editeur du site \/&nbsp;Responsable \u00e9ditorial in\/Uit Architectes, Elfi Roinsard, Nad\u00e8ge Albrecht 3 Cour de la Brocante &#8211; 44100 Nantes T\u00e9l. : 09 81 82 08 58 www.in-uit.fr E-mail : contact@in-uit.fr D\u00e9veloppement \/&nbsp;h\u00e9bergement du site D\u00e9veloppement et cr\u00e9ation web : WizicomT\u00e9l. : 06 60 71 41 13E-mail : contact@wizicom.fr H\u00e9bergement : Wizicom via Planethoster Propri\u00e9t\u00e9 intellectuelle [&hellip;]<\/p>\n","protected":false},"author":1,"featured_media":0,"parent":0,"menu_order":0,"comment_status":"closed","ping_status":"closed","template":"","meta":{"footnotes":""},"yoast_head":"<!-- This site is optimized with the Yoast SEO plugin v22.7 - https:\/\/yoast.com\/wordpress\/plugins\/seo\/ -->\n<title>Mentions l\u00e9gales - in\/uit | Agence d&#039;architecture &amp; d&#039;urbanisme - Nantes<\/title>\n<meta name=\"robots\" content=\"index, follow, max-snippet:-1, max-image-preview:large, max-video-preview:-1\" \/>\n<link rel=\"canonical\" href=\"https:\/\/www.in-uit.fr\/index.php\/mentions-legales\/\" \/>\n<meta property=\"og:locale\" content=\"fr_FR\" \/>\n<meta property=\"og:type\" content=\"article\" \/>\n<meta property=\"og:title\" content=\"Mentions l\u00e9gales - in\/uit | Agence d&#039;architecture &amp; d&#039;urbanisme - Nantes\" \/>\n<meta property=\"og:description\" content=\"Editeur du site \/&nbsp;Responsable \u00e9ditorial in\/Uit Architectes, Elfi Roinsard, Nad\u00e8ge Albrecht 3 Cour de la Brocante &#8211; 44100 Nantes T\u00e9l. : 09 81 82 08 58 www.in-uit.fr E-mail : contact@in-uit.fr D\u00e9veloppement \/&nbsp;h\u00e9bergement du site D\u00e9veloppement et cr\u00e9ation web : WizicomT\u00e9l. : 06 60 71 41 13E-mail : contact@wizicom.fr H\u00e9bergement : Wizicom via Planethoster Propri\u00e9t\u00e9 intellectuelle [&hellip;]\" \/>\n<meta property=\"og:url\" content=\"https:\/\/www.in-uit.fr\/index.php\/mentions-legales\/\" \/>\n<meta property=\"og:site_name\" content=\"in\/uit | Agence d&#039;architecture &amp; d&#039;urbanisme - Nantes\" \/>\n<meta property=\"article:modified_time\" content=\"2023-11-25T10:21:30+00:00\" \/>\n<meta name=\"twitter:card\" content=\"summary_large_image\" \/>\n<meta name=\"twitter:label1\" content=\"Dur\u00e9e de lecture estim\u00e9e\" \/>\n\t<meta name=\"twitter:data1\" content=\"1 minute\" \/>\n<script type=\"application\/ld+json\" class=\"yoast-schema-graph\">{\"@context\":\"https:\/\/schema.org\",\"@graph\":[{\"@type\":\"WebPage\",\"@id\":\"https:\/\/www.in-uit.fr\/index.php\/mentions-legales\/\",\"url\":\"https:\/\/www.in-uit.fr\/index.php\/mentions-legales\/\",\"name\":\"Mentions l\u00e9gales - in\/uit | Agence d&#039;architecture &amp; d&#039;urbanisme - Nantes\",\"isPartOf\":{\"@id\":\"https:\/\/www.in-uit.fr\/#website\"},\"datePublished\":\"2023-11-25T09:40:48+00:00\",\"dateModified\":\"2023-11-25T10:21:30+00:00\",\"breadcrumb\":{\"@id\":\"https:\/\/www.in-uit.fr\/index.php\/mentions-legales\/#breadcrumb\"},\"inLanguage\":\"fr-FR\",\"potentialAction\":[{\"@type\":\"ReadAction\",\"target\":[\"https:\/\/www.in-uit.fr\/index.php\/mentions-legales\/\"]}]},{\"@type\":\"BreadcrumbList\",\"@id\":\"https:\/\/www.in-uit.fr\/index.php\/mentions-legales\/#breadcrumb\",\"itemListElement\":[{\"@type\":\"ListItem\",\"position\":1,\"name\":\"Accueil\",\"item\":\"https:\/\/www.in-uit.fr\/\"},{\"@type\":\"ListItem\",\"position\":2,\"name\":\"Mentions l\u00e9gales\"}]},{\"@type\":\"WebSite\",\"@id\":\"https:\/\/www.in-uit.fr\/#website\",\"url\":\"https:\/\/www.in-uit.fr\/\",\"name\":\"in\/uit | Agence d&#039;architecture &amp; d&#039;urbanisme - Nantes\",\"description\":\"\",\"publisher\":{\"@id\":\"https:\/\/www.in-uit.fr\/#organization\"},\"potentialAction\":[{\"@type\":\"SearchAction\",\"target\":{\"@type\":\"EntryPoint\",\"urlTemplate\":\"https:\/\/www.in-uit.fr\/?s={search_term_string}\"},\"query-input\":\"required name=search_term_string\"}],\"inLanguage\":\"fr-FR\"},{\"@type\":\"Organization\",\"@id\":\"https:\/\/www.in-uit.fr\/#organization\",\"name\":\"in\/uit | Agence d&#039;architecture &amp; d&#039;urbanisme - Nantes\",\"url\":\"https:\/\/www.in-uit.fr\/\",\"logo\":{\"@type\":\"ImageObject\",\"inLanguage\":\"fr-FR\",\"@id\":\"https:\/\/www.in-uit.fr\/#\/schema\/logo\/image\/\",\"url\":\"https:\/\/www.in-uit.fr\/wp-content\/uploads\/2024\/01\/logoinuit-architectes-gris-75px.png\",\"contentUrl\":\"https:\/\/www.in-uit.fr\/wp-content\/uploads\/2024\/01\/logoinuit-architectes-gris-75px.png\",\"width\":150,\"height\":75,\"caption\":\"in\/uit | Agence d&#039;architecture &amp; d&#039;urbanisme - Nantes\"},\"image\":{\"@id\":\"https:\/\/www.in-uit.fr\/#\/schema\/logo\/image\/\"}}]}<\/script>\n<!-- \/ Yoast SEO plugin. -->","yoast_head_json":{"title":"Mentions l\u00e9gales - in\/uit | Agence d&#039;architecture &amp; d&#039;urbanisme - Nantes","robots":{"index":"index","follow":"follow","max-snippet":"max-snippet:-1","max-image-preview":"max-image-preview:large","max-video-preview":"max-video-preview:-1"},"canonical":"https:\/\/www.in-uit.fr\/index.php\/mentions-legales\/","og_locale":"fr_FR","og_type":"article","og_title":"Mentions l\u00e9gales - in\/uit | Agence d&#039;architecture &amp; d&#039;urbanisme - Nantes","og_description":"Editeur du site \/&nbsp;Responsable \u00e9ditorial in\/Uit Architectes, Elfi Roinsard, Nad\u00e8ge Albrecht 3 Cour de la Brocante &#8211; 44100 Nantes T\u00e9l. : 09 81 82 08 58 www.in-uit.fr E-mail : contact@in-uit.fr D\u00e9veloppement \/&nbsp;h\u00e9bergement du site D\u00e9veloppement et cr\u00e9ation web : WizicomT\u00e9l. : 06 60 71 41 13E-mail : contact@wizicom.fr H\u00e9bergement : Wizicom via Planethoster Propri\u00e9t\u00e9 intellectuelle [&hellip;]","og_url":"https:\/\/www.in-uit.fr\/index.php\/mentions-legales\/","og_site_name":"in\/uit | Agence d&#039;architecture &amp; d&#039;urbanisme - Nantes","article_modified_time":"2023-11-25T10:21:30+00:00","twitter_card":"summary_large_image","twitter_misc":{"Dur\u00e9e de lecture estim\u00e9e":"1 minute"},"schema":{"@context":"https:\/\/schema.org","@graph":[{"@type":"WebPage","@id":"https:\/\/www.in-uit.fr\/index.php\/mentions-legales\/","url":"https:\/\/www.in-uit.fr\/index.php\/mentions-legales\/","name":"Mentions l\u00e9gales - in\/uit | Agence d&#039;architecture &amp; d&#039;urbanisme - Nantes","isPartOf":{"@id":"https:\/\/www.in-uit.fr\/#website"},"datePublished":"2023-11-25T09:40:48+00:00","dateModified":"2023-11-25T10:21:30+00:00","breadcrumb":{"@id":"https:\/\/www.in-uit.fr\/index.php\/mentions-legales\/#breadcrumb"},"inLanguage":"fr-FR","potentialAction":[{"@type":"ReadAction","target":["https:\/\/www.in-uit.fr\/index.php\/mentions-legales\/"]}]},{"@type":"BreadcrumbList","@id":"https:\/\/www.in-uit.fr\/index.php\/mentions-legales\/#breadcrumb","itemListElement":[{"@type":"ListItem","position":1,"name":"Accueil","item":"https:\/\/www.in-uit.fr\/"},{"@type":"ListItem","position":2,"name":"Mentions l\u00e9gales"}]},{"@type":"WebSite","@id":"https:\/\/www.in-uit.fr\/#website","url":"https:\/\/www.in-uit.fr\/","name":"in\/uit | Agence d&#039;architecture &amp; d&#039;urbanisme - Nantes","description":"","publisher":{"@id":"https:\/\/www.in-uit.fr\/#organization"},"potentialAction":[{"@type":"SearchAction","target":{"@type":"EntryPoint","urlTemplate":"https:\/\/www.in-uit.fr\/?s={search_term_string}"},"query-input":"required name=search_term_string"}],"inLanguage":"fr-FR"},{"@type":"Organization","@id":"https:\/\/www.in-uit.fr\/#organization","name":"in\/uit | Agence d&#039;architecture &amp; d&#039;urbanisme - Nantes","url":"https:\/\/www.in-uit.fr\/","logo":{"@type":"ImageObject","inLanguage":"fr-FR","@id":"https:\/\/www.in-uit.fr\/#\/schema\/logo\/image\/","url":"https:\/\/www.in-uit.fr\/wp-content\/uploads\/2024\/01\/logoinuit-architectes-gris-75px.png","contentUrl":"https:\/\/www.in-uit.fr\/wp-content\/uploads\/2024\/01\/logoinuit-architectes-gris-75px.png","width":150,"height":75,"caption":"in\/uit | Agence d&#039;architecture &amp; d&#039;urbanisme - Nantes"},"image":{"@id":"https:\/\/www.in-uit.fr\/#\/schema\/logo\/image\/"}}]}},"_links":{"self":[{"href":"https:\/\/www.in-uit.fr\/index.php\/wp-json\/wp\/v2\/pages\/15463"}],"collection":[{"href":"https:\/\/www.in-uit.fr\/index.php\/wp-json\/wp\/v2\/pages"}],"about":[{"href":"https:\/\/www.in-uit.fr\/index.php\/wp-json\/wp\/v2\/types\/page"}],"author":[{"embeddable":true,"href":"https:\/\/www.in-uit.fr\/index.php\/wp-json\/wp\/v2\/users\/1"}],"replies":[{"embeddable":true,"href":"https:\/\/www.in-uit.fr\/index.php\/wp-json\/wp\/v2\/comments?post=15463"}],"version-history":[{"count":13,"href":"https:\/\/www.in-uit.fr\/index.php\/wp-json\/wp\/v2\/pages\/15463\/revisions"}],"predecessor-version":[{"id":15480,"href":"https:\/\/www.in-uit.fr\/index.php\/wp-json\/wp\/v2\/pages\/15463\/revisions\/15480"}],"wp:attachment":[{"href":"https:\/\/www.in-uit.fr\/index.php\/wp-json\/wp\/v2\/media?parent=15463"}],"curies":[{"name":"wp","href":"https:\/\/api.w.org\/{rel}","templated":true}]}}